{"id":8272,"date":"2014-02-03T16:24:39","date_gmt":"2014-02-03T15:24:39","guid":{"rendered":"https:\/\/www.ghilli.it\/product\/copperplate-engraving-by-de-fer-milan-map-dated-1705\/"},"modified":"2022-12-22T18:44:16","modified_gmt":"2022-12-22T17:44:16","slug":"copperplate-engraving-by-de-fer-milan-map-dated-1705","status":"publish","type":"product","link":"https:\/\/www.ghilli.it\/en\/p\/copperplate-engraving-by-de-fer-milan-map-dated-1705\/","title":{"rendered":"Copperplate Engraving by De Fer Milan Map dated 1705"},"content":{"rendered":"","protected":false},"excerpt":{"rendered":"<p>Antique Engraving by Nicolas De Fer (1646-1720), depicting a beautiful Milan Map, Copperplate dated Paris 1705, in good condition and framed.<br \/>\nMilan Ville des plus grandes, des plus riches, et des plus fortes d&#8217;Italie.Capitale du Duch\u00e9 du m\u00eame nom, s\u00e9jour ordinaire du Gouverneur des Estates de Milan pour le Roy d&#8217;Espagne Par N.de Fer. Paris: chez l&#8217;auteur dans l&#8217;isle du palais sur le quay de l&#8217;orologe a la sphere royale,Avec Privilege du Roy 1705.<\/p>\n","protected":false},"featured_media":47241,"comment_status":"open","ping_status":"open","template":"","meta":{"_acf_changed":false},"product_brand":[],"product_cat":[1264],"product_tag":[],"epocas_cat":[],"tipologias_cat":[],"statos_cat":[],"class_list":{"0":"post-8272","1":"product","2":"type-product","3":"status-publish","4":"has-post-thumbnail","6":"product_cat-uncategorized","8":"first","9":"instock","10":"shipping-taxable","11":"purchasable","12":"product-type-simple"},"acf":[],"yoast_head":"<!-- This site is optimized with the Yoast SEO plugin v27.2 - https:\/\/yoast.com\/product\/yoast-seo-wordpress\/ -->\n<title>Copperplate Engraving by De Fer Milan Map dated 1705 | Vendita Online | Ghilli Antichit&agrave; Milano<\/title>\n<meta name=\"description\" content=\"Antique Engraving by Nicolas De Fer (1646-1720), depicting a beautiful Milan Map, Copperplate dated Paris 1705, in good condition and framed. Milan Ville des plus grandes, des plus riches, et des plus fortes d&#039;Italie.Capitale du Duch\u00e9 du m\u00eame nom, s\u00e9jour ordinaire du Gouverneur des Estates de Milan pour le Roy d&#039;Espagne Par N.de Fer. Paris: chez l&#039;auteur dans l&#039;isle du palais sur le quay de l&#039;orologe a la sphere royale,Avec Privilege du Roy 1705.\" \/>\n<meta name=\"robots\" content=\"index, follow, max-snippet:-1, max-image-preview:large, max-video-preview:-1\" \/>\n<link rel=\"canonical\" href=\"https:\/\/www.ghilli.it\/en\/p\/copperplate-engraving-by-de-fer-milan-map-dated-1705\/\" \/>\n<meta property=\"og:locale\" content=\"en_US\" \/>\n<meta property=\"og:type\" content=\"article\" \/>\n<meta property=\"og:title\" content=\"Copperplate Engraving by De Fer Milan Map dated 1705 | Vendita Online | Ghilli Antichit&agrave; Milano\" \/>\n<meta property=\"og:description\" content=\"Antique Engraving by Nicolas De Fer (1646-1720), depicting a beautiful Milan Map, Copperplate dated Paris 1705, in good condition and framed. Milan Ville des plus grandes, des plus riches, et des plus fortes d&#039;Italie.Capitale du Duch\u00e9 du m\u00eame nom, s\u00e9jour ordinaire du Gouverneur des Estates de Milan pour le Roy d&#039;Espagne Par N.de Fer. Paris: chez l&#039;auteur dans l&#039;isle du palais sur le quay de l&#039;orologe a la sphere royale,Avec Privilege du Roy 1705.\" \/>\n<meta property=\"og:url\" content=\"https:\/\/www.ghilli.it\/en\/p\/copperplate-engraving-by-de-fer-milan-map-dated-1705\/\" \/>\n<meta property=\"og:site_name\" content=\"Ghilli Antichit&agrave; Milano\" \/>\n<meta property=\"article:publisher\" content=\"https:\/\/www.facebook.com\/pages\/Ghilli-Antichit%c3%a0\/120056758035014\" \/>\n<meta property=\"article:modified_time\" content=\"2022-12-22T17:44:16+00:00\" \/>\n<meta property=\"og:image\" content=\"https:\/\/www.ghilli.it\/wp-content\/uploads\/2022\/12\/stampa-antica-milano-nicolas-de-fer-parigi-1705-3258.jpg\" \/>\n\t<meta property=\"og:image:width\" content=\"900\" \/>\n\t<meta property=\"og:image:height\" content=\"1200\" \/>\n\t<meta property=\"og:image:type\" content=\"image\/jpeg\" \/>\n<meta name=\"twitter:card\" content=\"summary_large_image\" \/>\n<meta name=\"twitter:site\" content=\"@GhilliAntico\" \/>\n<script type=\"application\/ld+json\" class=\"yoast-schema-graph\">{\"@context\":\"https:\/\/schema.org\",\"@graph\":[{\"@type\":\"WebPage\",\"@id\":\"https:\/\/www.ghilli.it\/en\/p\/copperplate-engraving-by-de-fer-milan-map-dated-1705\/\",\"url\":\"https:\/\/www.ghilli.it\/en\/p\/copperplate-engraving-by-de-fer-milan-map-dated-1705\/\",\"name\":\"Copperplate Engraving by De Fer Milan Map dated 1705 | Vendita Online | Ghilli Antichit&agrave; Milano\",\"isPartOf\":{\"@id\":\"https:\/\/www.ghilli.it\/#website\"},\"primaryImageOfPage\":{\"@id\":\"https:\/\/www.ghilli.it\/en\/p\/copperplate-engraving-by-de-fer-milan-map-dated-1705\/#primaryimage\"},\"image\":{\"@id\":\"https:\/\/www.ghilli.it\/en\/p\/copperplate-engraving-by-de-fer-milan-map-dated-1705\/#primaryimage\"},\"thumbnailUrl\":\"https:\/\/www.ghilli.it\/wp-content\/uploads\/2022\/12\/stampa-antica-milano-nicolas-de-fer-parigi-1705-3258.jpg\",\"datePublished\":\"2014-02-03T15:24:39+00:00\",\"dateModified\":\"2022-12-22T17:44:16+00:00\",\"description\":\"Antique Engraving by Nicolas De Fer (1646-1720), depicting a beautiful Milan Map, Copperplate dated Paris 1705, in good condition and framed. Milan Ville des plus grandes, des plus riches, et des plus fortes d'Italie.Capitale du Duch\u00e9 du m\u00eame nom, s\u00e9jour ordinaire du Gouverneur des Estates de Milan pour le Roy d'Espagne Par N.de Fer. Paris: chez l'auteur dans l'isle du palais sur le quay de l'orologe a la sphere royale,Avec Privilege du Roy 1705.\",\"breadcrumb\":{\"@id\":\"https:\/\/www.ghilli.it\/en\/p\/copperplate-engraving-by-de-fer-milan-map-dated-1705\/#breadcrumb\"},\"inLanguage\":\"en-US\",\"potentialAction\":[{\"@type\":\"ReadAction\",\"target\":[\"https:\/\/www.ghilli.it\/en\/p\/copperplate-engraving-by-de-fer-milan-map-dated-1705\/\"]}]},{\"@type\":\"ImageObject\",\"inLanguage\":\"en-US\",\"@id\":\"https:\/\/www.ghilli.it\/en\/p\/copperplate-engraving-by-de-fer-milan-map-dated-1705\/#primaryimage\",\"url\":\"https:\/\/www.ghilli.it\/wp-content\/uploads\/2022\/12\/stampa-antica-milano-nicolas-de-fer-parigi-1705-3258.jpg\",\"contentUrl\":\"https:\/\/www.ghilli.it\/wp-content\/uploads\/2022\/12\/stampa-antica-milano-nicolas-de-fer-parigi-1705-3258.jpg\",\"width\":900,\"height\":1200},{\"@type\":\"BreadcrumbList\",\"@id\":\"https:\/\/www.ghilli.it\/en\/p\/copperplate-engraving-by-de-fer-milan-map-dated-1705\/#breadcrumb\",\"itemListElement\":[{\"@type\":\"ListItem\",\"position\":1,\"name\":\"Ghilli Antichit\u00e0 Milano\",\"item\":\"https:\/\/www.ghilli.it\/en\/\"},{\"@type\":\"ListItem\",\"position\":2,\"name\":\"Catalogo\",\"item\":\"https:\/\/www.ghilli.it\/catalogo\/\"},{\"@type\":\"ListItem\",\"position\":3,\"name\":\"Copperplate Engraving by De Fer Milan Map dated 1705\"}]},{\"@type\":\"WebSite\",\"@id\":\"https:\/\/www.ghilli.it\/#website\",\"url\":\"https:\/\/www.ghilli.it\/\",\"name\":\"Ghilli Antichit&agrave; Milano\",\"description\":\"Antique dealer in Milan, Italy, and online\",\"potentialAction\":[{\"@type\":\"SearchAction\",\"target\":{\"@type\":\"EntryPoint\",\"urlTemplate\":\"https:\/\/www.ghilli.it\/?s={search_term_string}\"},\"query-input\":{\"@type\":\"PropertyValueSpecification\",\"valueRequired\":true,\"valueName\":\"search_term_string\"}}],\"inLanguage\":\"en-US\"}]}<\/script>\n<!-- \/ Yoast SEO plugin. -->","yoast_head_json":{"title":"Copperplate Engraving by De Fer Milan Map dated 1705 | Vendita Online | Ghilli Antichit&agrave; Milano","description":"Antique Engraving by Nicolas De Fer (1646-1720), depicting a beautiful Milan Map, Copperplate dated Paris 1705, in good condition and framed. Milan Ville des plus grandes, des plus riches, et des plus fortes d'Italie.Capitale du Duch\u00e9 du m\u00eame nom, s\u00e9jour ordinaire du Gouverneur des Estates de Milan pour le Roy d'Espagne Par N.de Fer. Paris: chez l'auteur dans l'isle du palais sur le quay de l'orologe a la sphere royale,Avec Privilege du Roy 1705.","robots":{"index":"index","follow":"follow","max-snippet":"max-snippet:-1","max-image-preview":"max-image-preview:large","max-video-preview":"max-video-preview:-1"},"canonical":"https:\/\/www.ghilli.it\/en\/p\/copperplate-engraving-by-de-fer-milan-map-dated-1705\/","og_locale":"en_US","og_type":"article","og_title":"Copperplate Engraving by De Fer Milan Map dated 1705 | Vendita Online | Ghilli Antichit&agrave; Milano","og_description":"Antique Engraving by Nicolas De Fer (1646-1720), depicting a beautiful Milan Map, Copperplate dated Paris 1705, in good condition and framed. Milan Ville des plus grandes, des plus riches, et des plus fortes d'Italie.Capitale du Duch\u00e9 du m\u00eame nom, s\u00e9jour ordinaire du Gouverneur des Estates de Milan pour le Roy d'Espagne Par N.de Fer. Paris: chez l'auteur dans l'isle du palais sur le quay de l'orologe a la sphere royale,Avec Privilege du Roy 1705.","og_url":"https:\/\/www.ghilli.it\/en\/p\/copperplate-engraving-by-de-fer-milan-map-dated-1705\/","og_site_name":"Ghilli Antichit&agrave; Milano","article_publisher":"https:\/\/www.facebook.com\/pages\/Ghilli-Antichit%c3%a0\/120056758035014","article_modified_time":"2022-12-22T17:44:16+00:00","og_image":[{"width":900,"height":1200,"url":"https:\/\/www.ghilli.it\/wp-content\/uploads\/2022\/12\/stampa-antica-milano-nicolas-de-fer-parigi-1705-3258.jpg","type":"image\/jpeg"}],"twitter_card":"summary_large_image","twitter_site":"@GhilliAntico","schema":{"@context":"https:\/\/schema.org","@graph":[{"@type":"WebPage","@id":"https:\/\/www.ghilli.it\/en\/p\/copperplate-engraving-by-de-fer-milan-map-dated-1705\/","url":"https:\/\/www.ghilli.it\/en\/p\/copperplate-engraving-by-de-fer-milan-map-dated-1705\/","name":"Copperplate Engraving by De Fer Milan Map dated 1705 | Vendita Online | Ghilli Antichit&agrave; Milano","isPartOf":{"@id":"https:\/\/www.ghilli.it\/#website"},"primaryImageOfPage":{"@id":"https:\/\/www.ghilli.it\/en\/p\/copperplate-engraving-by-de-fer-milan-map-dated-1705\/#primaryimage"},"image":{"@id":"https:\/\/www.ghilli.it\/en\/p\/copperplate-engraving-by-de-fer-milan-map-dated-1705\/#primaryimage"},"thumbnailUrl":"https:\/\/www.ghilli.it\/wp-content\/uploads\/2022\/12\/stampa-antica-milano-nicolas-de-fer-parigi-1705-3258.jpg","datePublished":"2014-02-03T15:24:39+00:00","dateModified":"2022-12-22T17:44:16+00:00","description":"Antique Engraving by Nicolas De Fer (1646-1720), depicting a beautiful Milan Map, Copperplate dated Paris 1705, in good condition and framed. Milan Ville des plus grandes, des plus riches, et des plus fortes d'Italie.Capitale du Duch\u00e9 du m\u00eame nom, s\u00e9jour ordinaire du Gouverneur des Estates de Milan pour le Roy d'Espagne Par N.de Fer. Paris: chez l'auteur dans l'isle du palais sur le quay de l'orologe a la sphere royale,Avec Privilege du Roy 1705.","breadcrumb":{"@id":"https:\/\/www.ghilli.it\/en\/p\/copperplate-engraving-by-de-fer-milan-map-dated-1705\/#breadcrumb"},"inLanguage":"en-US","potentialAction":[{"@type":"ReadAction","target":["https:\/\/www.ghilli.it\/en\/p\/copperplate-engraving-by-de-fer-milan-map-dated-1705\/"]}]},{"@type":"ImageObject","inLanguage":"en-US","@id":"https:\/\/www.ghilli.it\/en\/p\/copperplate-engraving-by-de-fer-milan-map-dated-1705\/#primaryimage","url":"https:\/\/www.ghilli.it\/wp-content\/uploads\/2022\/12\/stampa-antica-milano-nicolas-de-fer-parigi-1705-3258.jpg","contentUrl":"https:\/\/www.ghilli.it\/wp-content\/uploads\/2022\/12\/stampa-antica-milano-nicolas-de-fer-parigi-1705-3258.jpg","width":900,"height":1200},{"@type":"BreadcrumbList","@id":"https:\/\/www.ghilli.it\/en\/p\/copperplate-engraving-by-de-fer-milan-map-dated-1705\/#breadcrumb","itemListElement":[{"@type":"ListItem","position":1,"name":"Ghilli Antichit\u00e0 Milano","item":"https:\/\/www.ghilli.it\/en\/"},{"@type":"ListItem","position":2,"name":"Catalogo","item":"https:\/\/www.ghilli.it\/catalogo\/"},{"@type":"ListItem","position":3,"name":"Copperplate Engraving by De Fer Milan Map dated 1705"}]},{"@type":"WebSite","@id":"https:\/\/www.ghilli.it\/#website","url":"https:\/\/www.ghilli.it\/","name":"Ghilli Antichit&agrave; Milano","description":"Antique dealer in Milan, Italy, and online","potentialAction":[{"@type":"SearchAction","target":{"@type":"EntryPoint","urlTemplate":"https:\/\/www.ghilli.it\/?s={search_term_string}"},"query-input":{"@type":"PropertyValueSpecification","valueRequired":true,"valueName":"search_term_string"}}],"inLanguage":"en-US"}]}},"_links":{"self":[{"href":"https:\/\/www.ghilli.it\/en\/wp-json\/wp\/v2\/product\/8272","targetHints":{"allow":["GET"]}}],"collection":[{"href":"https:\/\/www.ghilli.it\/en\/wp-json\/wp\/v2\/product"}],"about":[{"href":"https:\/\/www.ghilli.it\/en\/wp-json\/wp\/v2\/types\/product"}],"replies":[{"embeddable":true,"href":"https:\/\/www.ghilli.it\/en\/wp-json\/wp\/v2\/comments?post=8272"}],"wp:featuredmedia":[{"embeddable":true,"href":"https:\/\/www.ghilli.it\/en\/wp-json\/wp\/v2\/media\/47241"}],"wp:attachment":[{"href":"https:\/\/www.ghilli.it\/en\/wp-json\/wp\/v2\/media?parent=8272"}],"wp:term":[{"taxonomy":"product_brand","embeddable":true,"href":"https:\/\/www.ghilli.it\/en\/wp-json\/wp\/v2\/product_brand?post=8272"},{"taxonomy":"product_cat","embeddable":true,"href":"https:\/\/www.ghilli.it\/en\/wp-json\/wp\/v2\/product_cat?post=8272"},{"taxonomy":"product_tag","embeddable":true,"href":"https:\/\/www.ghilli.it\/en\/wp-json\/wp\/v2\/product_tag?post=8272"},{"taxonomy":"epoca","embeddable":true,"href":"https:\/\/www.ghilli.it\/en\/wp-json\/wp\/v2\/epocas_cat?post=8272"},{"taxonomy":"tipologia","embeddable":true,"href":"https:\/\/www.ghilli.it\/en\/wp-json\/wp\/v2\/tipologias_cat?post=8272"},{"taxonomy":"stato","embeddable":true,"href":"https:\/\/www.ghilli.it\/en\/wp-json\/wp\/v2\/statos_cat?post=8272"}],"curies":[{"name":"wp","href":"https:\/\/api.w.org\/{rel}","templated":true}]}}