{"id":75866,"date":"2025-04-24T18:56:55","date_gmt":"2025-04-24T16:56:55","guid":{"rendered":"https:\/\/www.ghilli.it\/prodotto\/medardo-rosso-gavroche-or-the-mischief-italian-impressionist-bronze-sculpture-of-a-laughing-boy\/"},"modified":"2025-04-24T18:56:55","modified_gmt":"2025-04-24T16:56:55","slug":"medardo-rosso-gavroche-or-the-mischief-italian-impressionist-bronze-sculpture-of-a-laughing-boy","status":"publish","type":"product","link":"https:\/\/www.ghilli.it\/en\/p\/medardo-rosso-gavroche-or-the-mischief-italian-impressionist-bronze-sculpture-of-a-laughing-boy\/","title":{"rendered":"Medardo Rosso Gavroche or The Mischief Italian Impressionist Bronze Sculpture of a Laughing Boy"},"content":{"rendered":"","protected":false},"excerpt":{"rendered":"<p> Medardo Rosso The Mischief or Gavroche Impressionist sculpture of a laughing boy. The half-bust figure of the laughing boy, wearing a cap and facing left, is screwed to a plate, cast with the sculpture, on a circular base of turned and ebonised wood. In good condition, with a dark patina, this Italian figurative sculpture is signed M. Rosso in block letters on the left shoulder. The lost-wax casting dates from the early decades of the 20th century.  Medardo Rosso &#8211; Turin, 21 June 1858 &#8211; Milan, 31 March 1928 &#8211; was an Italian sculptor and one of the leading exponents of Impressionism in sculpture. Medardo Rosso presented the first version of this work in 1882 in Milan, at the Esposizione di Belle Arti di Brera, with the title Dopo una scappata, and the following year at the Esposizione Internazionale di Roma. The title Gavroche, which first appeared in 1886 at the Second Annual Salon of the Soci\u00e9t\u00e9 des Artistes Fran\u00e7ais, was given by the artist after his move to Paris in 1889, in reference to the Parisian boy who died fighting on the barricades in 1832, as described by Victor Hugo in \u201cLes Mis\u00e9rables\u201d. In 1910, a specimen of this subject was exhibited at the first Impressionist exhibition in Florence under the title Le sale gosse and later under the name Le sale gosse rieur.<\/p>\n","protected":false},"featured_media":75594,"comment_status":"closed","ping_status":"closed","template":"","meta":{"_acf_changed":false},"product_brand":[],"product_cat":[622],"product_tag":[3408,4045],"epocas_cat":[479],"tipologias_cat":[429],"statos_cat":[3872],"class_list":{"0":"post-75866","1":"product","2":"type-product","3":"status-publish","4":"has-post-thumbnail","6":"product_cat-bronze-sculptures","7":"product_tag-marshal-ney-bronze-sculpture-giuseppe-grandi-1930-circa-en","8":"product_tag-medardo-rosso-en","10":"first","11":"outofstock","12":"shipping-taxable","13":"product-type-simple"},"acf":[],"yoast_head":"<!-- This site is optimized with the Yoast SEO plugin v27.2 - https:\/\/yoast.com\/product\/yoast-seo-wordpress\/ -->\n<title>Medardo Rosso Gavroche<\/title>\n<meta name=\"description\" content=\"Impressionist Italian sculpture early 1900 half-bust figure of the laughing boy on wooden base.Buy it now!\" \/>\n<meta name=\"robots\" content=\"index, follow, max-snippet:-1, max-image-preview:large, max-video-preview:-1\" \/>\n<link rel=\"canonical\" href=\"https:\/\/www.ghilli.it\/en\/p\/medardo-rosso-gavroche-or-the-mischief-italian-impressionist-bronze-sculpture-of-a-laughing-boy\/\" \/>\n<meta property=\"og:locale\" content=\"en_US\" \/>\n<meta property=\"og:type\" content=\"article\" \/>\n<meta property=\"og:title\" content=\"Medardo Rosso Gavroche\" \/>\n<meta property=\"og:description\" content=\"Impressionist Italian sculpture early 1900 half-bust figure of the laughing boy on wooden base.Buy it now!\" \/>\n<meta property=\"og:url\" content=\"https:\/\/www.ghilli.it\/en\/p\/medardo-rosso-gavroche-or-the-mischief-italian-impressionist-bronze-sculpture-of-a-laughing-boy\/\" \/>\n<meta property=\"og:site_name\" content=\"Ghilli Antichit&agrave; Milano\" \/>\n<meta property=\"article:publisher\" content=\"https:\/\/www.facebook.com\/pages\/Ghilli-Antichit%c3%a0\/120056758035014\" \/>\n<meta property=\"og:image\" content=\"https:\/\/www.ghilli.it\/wp-content\/uploads\/2025\/04\/medardo-rosso-il-birichino-primi-1900.jpg\" \/>\n\t<meta property=\"og:image:width\" content=\"1536\" \/>\n\t<meta property=\"og:image:height\" content=\"1536\" \/>\n\t<meta property=\"og:image:type\" content=\"image\/jpeg\" \/>\n<meta name=\"twitter:card\" content=\"summary_large_image\" \/>\n<meta name=\"twitter:site\" content=\"@GhilliAntico\" \/>\n<script type=\"application\/ld+json\" class=\"yoast-schema-graph\">{\"@context\":\"https:\/\/schema.org\",\"@graph\":[{\"@type\":\"WebPage\",\"@id\":\"https:\/\/www.ghilli.it\/en\/p\/medardo-rosso-gavroche-or-the-mischief-italian-impressionist-bronze-sculpture-of-a-laughing-boy\/\",\"url\":\"https:\/\/www.ghilli.it\/en\/p\/medardo-rosso-gavroche-or-the-mischief-italian-impressionist-bronze-sculpture-of-a-laughing-boy\/\",\"name\":\"Medardo Rosso Gavroche\",\"isPartOf\":{\"@id\":\"https:\/\/www.ghilli.it\/#website\"},\"primaryImageOfPage\":{\"@id\":\"https:\/\/www.ghilli.it\/en\/p\/medardo-rosso-gavroche-or-the-mischief-italian-impressionist-bronze-sculpture-of-a-laughing-boy\/#primaryimage\"},\"image\":{\"@id\":\"https:\/\/www.ghilli.it\/en\/p\/medardo-rosso-gavroche-or-the-mischief-italian-impressionist-bronze-sculpture-of-a-laughing-boy\/#primaryimage\"},\"thumbnailUrl\":\"https:\/\/www.ghilli.it\/wp-content\/uploads\/2025\/04\/medardo-rosso-il-birichino-primi-1900.jpg\",\"datePublished\":\"2025-04-24T16:56:55+00:00\",\"description\":\"Impressionist Italian sculpture early 1900 half-bust figure of the laughing boy on wooden base.Buy it now!\",\"breadcrumb\":{\"@id\":\"https:\/\/www.ghilli.it\/en\/p\/medardo-rosso-gavroche-or-the-mischief-italian-impressionist-bronze-sculpture-of-a-laughing-boy\/#breadcrumb\"},\"inLanguage\":\"en-US\",\"potentialAction\":[{\"@type\":\"ReadAction\",\"target\":[\"https:\/\/www.ghilli.it\/en\/p\/medardo-rosso-gavroche-or-the-mischief-italian-impressionist-bronze-sculpture-of-a-laughing-boy\/\"]}]},{\"@type\":\"ImageObject\",\"inLanguage\":\"en-US\",\"@id\":\"https:\/\/www.ghilli.it\/en\/p\/medardo-rosso-gavroche-or-the-mischief-italian-impressionist-bronze-sculpture-of-a-laughing-boy\/#primaryimage\",\"url\":\"https:\/\/www.ghilli.it\/wp-content\/uploads\/2025\/04\/medardo-rosso-il-birichino-primi-1900.jpg\",\"contentUrl\":\"https:\/\/www.ghilli.it\/wp-content\/uploads\/2025\/04\/medardo-rosso-il-birichino-primi-1900.jpg\",\"width\":1536,\"height\":1536,\"caption\":\"medardo rosso il birichino primi 1900\"},{\"@type\":\"BreadcrumbList\",\"@id\":\"https:\/\/www.ghilli.it\/en\/p\/medardo-rosso-gavroche-or-the-mischief-italian-impressionist-bronze-sculpture-of-a-laughing-boy\/#breadcrumb\",\"itemListElement\":[{\"@type\":\"ListItem\",\"position\":1,\"name\":\"Ghilli Antichit\u00e0 Milano\",\"item\":\"https:\/\/www.ghilli.it\/en\/\"},{\"@type\":\"ListItem\",\"position\":2,\"name\":\"Catalogo\",\"item\":\"https:\/\/www.ghilli.it\/catalogo\/\"},{\"@type\":\"ListItem\",\"position\":3,\"name\":\"Medardo Rosso Gavroche or The Mischief Italian Impressionist Bronze Sculpture of a Laughing Boy\"}]},{\"@type\":\"WebSite\",\"@id\":\"https:\/\/www.ghilli.it\/#website\",\"url\":\"https:\/\/www.ghilli.it\/\",\"name\":\"Ghilli Antichit&agrave; Milano\",\"description\":\"Antique dealer in Milan, Italy, and online\",\"potentialAction\":[{\"@type\":\"SearchAction\",\"target\":{\"@type\":\"EntryPoint\",\"urlTemplate\":\"https:\/\/www.ghilli.it\/?s={search_term_string}\"},\"query-input\":{\"@type\":\"PropertyValueSpecification\",\"valueRequired\":true,\"valueName\":\"search_term_string\"}}],\"inLanguage\":\"en-US\"}]}<\/script>\n<!-- \/ Yoast SEO plugin. -->","yoast_head_json":{"title":"Medardo Rosso Gavroche","description":"Impressionist Italian sculpture early 1900 half-bust figure of the laughing boy on wooden base.Buy it now!","robots":{"index":"index","follow":"follow","max-snippet":"max-snippet:-1","max-image-preview":"max-image-preview:large","max-video-preview":"max-video-preview:-1"},"canonical":"https:\/\/www.ghilli.it\/en\/p\/medardo-rosso-gavroche-or-the-mischief-italian-impressionist-bronze-sculpture-of-a-laughing-boy\/","og_locale":"en_US","og_type":"article","og_title":"Medardo Rosso Gavroche","og_description":"Impressionist Italian sculpture early 1900 half-bust figure of the laughing boy on wooden base.Buy it now!","og_url":"https:\/\/www.ghilli.it\/en\/p\/medardo-rosso-gavroche-or-the-mischief-italian-impressionist-bronze-sculpture-of-a-laughing-boy\/","og_site_name":"Ghilli Antichit&agrave; Milano","article_publisher":"https:\/\/www.facebook.com\/pages\/Ghilli-Antichit%c3%a0\/120056758035014","og_image":[{"width":1536,"height":1536,"url":"https:\/\/www.ghilli.it\/wp-content\/uploads\/2025\/04\/medardo-rosso-il-birichino-primi-1900.jpg","type":"image\/jpeg"}],"twitter_card":"summary_large_image","twitter_site":"@GhilliAntico","schema":{"@context":"https:\/\/schema.org","@graph":[{"@type":"WebPage","@id":"https:\/\/www.ghilli.it\/en\/p\/medardo-rosso-gavroche-or-the-mischief-italian-impressionist-bronze-sculpture-of-a-laughing-boy\/","url":"https:\/\/www.ghilli.it\/en\/p\/medardo-rosso-gavroche-or-the-mischief-italian-impressionist-bronze-sculpture-of-a-laughing-boy\/","name":"Medardo Rosso Gavroche","isPartOf":{"@id":"https:\/\/www.ghilli.it\/#website"},"primaryImageOfPage":{"@id":"https:\/\/www.ghilli.it\/en\/p\/medardo-rosso-gavroche-or-the-mischief-italian-impressionist-bronze-sculpture-of-a-laughing-boy\/#primaryimage"},"image":{"@id":"https:\/\/www.ghilli.it\/en\/p\/medardo-rosso-gavroche-or-the-mischief-italian-impressionist-bronze-sculpture-of-a-laughing-boy\/#primaryimage"},"thumbnailUrl":"https:\/\/www.ghilli.it\/wp-content\/uploads\/2025\/04\/medardo-rosso-il-birichino-primi-1900.jpg","datePublished":"2025-04-24T16:56:55+00:00","description":"Impressionist Italian sculpture early 1900 half-bust figure of the laughing boy on wooden base.Buy it now!","breadcrumb":{"@id":"https:\/\/www.ghilli.it\/en\/p\/medardo-rosso-gavroche-or-the-mischief-italian-impressionist-bronze-sculpture-of-a-laughing-boy\/#breadcrumb"},"inLanguage":"en-US","potentialAction":[{"@type":"ReadAction","target":["https:\/\/www.ghilli.it\/en\/p\/medardo-rosso-gavroche-or-the-mischief-italian-impressionist-bronze-sculpture-of-a-laughing-boy\/"]}]},{"@type":"ImageObject","inLanguage":"en-US","@id":"https:\/\/www.ghilli.it\/en\/p\/medardo-rosso-gavroche-or-the-mischief-italian-impressionist-bronze-sculpture-of-a-laughing-boy\/#primaryimage","url":"https:\/\/www.ghilli.it\/wp-content\/uploads\/2025\/04\/medardo-rosso-il-birichino-primi-1900.jpg","contentUrl":"https:\/\/www.ghilli.it\/wp-content\/uploads\/2025\/04\/medardo-rosso-il-birichino-primi-1900.jpg","width":1536,"height":1536,"caption":"medardo rosso il birichino primi 1900"},{"@type":"BreadcrumbList","@id":"https:\/\/www.ghilli.it\/en\/p\/medardo-rosso-gavroche-or-the-mischief-italian-impressionist-bronze-sculpture-of-a-laughing-boy\/#breadcrumb","itemListElement":[{"@type":"ListItem","position":1,"name":"Ghilli Antichit\u00e0 Milano","item":"https:\/\/www.ghilli.it\/en\/"},{"@type":"ListItem","position":2,"name":"Catalogo","item":"https:\/\/www.ghilli.it\/catalogo\/"},{"@type":"ListItem","position":3,"name":"Medardo Rosso Gavroche or The Mischief Italian Impressionist Bronze Sculpture of a Laughing Boy"}]},{"@type":"WebSite","@id":"https:\/\/www.ghilli.it\/#website","url":"https:\/\/www.ghilli.it\/","name":"Ghilli Antichit&agrave; Milano","description":"Antique dealer in Milan, Italy, and online","potentialAction":[{"@type":"SearchAction","target":{"@type":"EntryPoint","urlTemplate":"https:\/\/www.ghilli.it\/?s={search_term_string}"},"query-input":{"@type":"PropertyValueSpecification","valueRequired":true,"valueName":"search_term_string"}}],"inLanguage":"en-US"}]}},"_links":{"self":[{"href":"https:\/\/www.ghilli.it\/en\/wp-json\/wp\/v2\/product\/75866","targetHints":{"allow":["GET"]}}],"collection":[{"href":"https:\/\/www.ghilli.it\/en\/wp-json\/wp\/v2\/product"}],"about":[{"href":"https:\/\/www.ghilli.it\/en\/wp-json\/wp\/v2\/types\/product"}],"replies":[{"embeddable":true,"href":"https:\/\/www.ghilli.it\/en\/wp-json\/wp\/v2\/comments?post=75866"}],"wp:featuredmedia":[{"embeddable":true,"href":"https:\/\/www.ghilli.it\/en\/wp-json\/wp\/v2\/media\/75594"}],"wp:attachment":[{"href":"https:\/\/www.ghilli.it\/en\/wp-json\/wp\/v2\/media?parent=75866"}],"wp:term":[{"taxonomy":"product_brand","embeddable":true,"href":"https:\/\/www.ghilli.it\/en\/wp-json\/wp\/v2\/product_brand?post=75866"},{"taxonomy":"product_cat","embeddable":true,"href":"https:\/\/www.ghilli.it\/en\/wp-json\/wp\/v2\/product_cat?post=75866"},{"taxonomy":"product_tag","embeddable":true,"href":"https:\/\/www.ghilli.it\/en\/wp-json\/wp\/v2\/product_tag?post=75866"},{"taxonomy":"epoca","embeddable":true,"href":"https:\/\/www.ghilli.it\/en\/wp-json\/wp\/v2\/epocas_cat?post=75866"},{"taxonomy":"tipologia","embeddable":true,"href":"https:\/\/www.ghilli.it\/en\/wp-json\/wp\/v2\/tipologias_cat?post=75866"},{"taxonomy":"stato","embeddable":true,"href":"https:\/\/www.ghilli.it\/en\/wp-json\/wp\/v2\/statos_cat?post=75866"}],"curies":[{"name":"wp","href":"https:\/\/api.w.org\/{rel}","templated":true}]}}