{"id":32579,"date":"2020-12-12T13:37:24","date_gmt":"2020-12-12T11:37:24","guid":{"rendered":"https:\/\/www.ghilli.it\/prodotto\/elba-island-views-set-of-four-lithographs-by-andre-durand-1862\/"},"modified":"2025-01-08T11:16:08","modified_gmt":"2025-01-08T10:16:08","slug":"elba-island-views-set-of-four-lithographs-by-andre-durand-1862","status":"publish","type":"product","link":"https:\/\/www.ghilli.it\/en\/p\/elba-island-views-set-of-four-lithographs-by-andre-durand-1862\/","title":{"rendered":"Elba Island Views Set of Four Lithographs by Andre Durand 1862"},"content":{"rendered":"","protected":false},"excerpt":{"rendered":"<p>Set of four original litographs, view of Portoferraio, Elba Island Italy by Andr\u00e9 Durand dating back to 1862, framed.<\/p>\n<p>Author: Andr\u00e9 Durand del. Eug. Cic\u00e9ri lith. published in Paris by Lemercier and included in the famous work \u201cL&#8217;Ile d&#8217;Elbe album recueilli sous la dir\u00e9ction de M. le Prince Anatole Demidoff, 1862 &#8221;<\/p>\n<p>These four prints are framed in an original way with an hand-colored green faux-marble cardboard passe par tout and are set in molded yellow Siena frames.<\/p>\n<p>These artworks come from a private palazzo in Milan, are in good condition, feature some signs of wear such as the age-related process of deterioration that causes spots, stains and browning on old paper.<\/p>\n<p>Andr\u00e9 Durand, 1807-1867 French painter, lithographer and expert in archeology, financed by the Russian Prince Anatole Demidof, Durand produced for the first time an album of 18 lithographs of picturesque views of Elba Island (in collaboration with Eug\u00e8ne Ciceri).<\/p>\n<p>These are evocative works that show a wild and partly unexplored island. Between them there are exterior views of Portoferraio, Rio Marina, Marciana and also of the Imperial Villa of San Martino with the Napoleonic Museum founded by Prince Demidoff.<\/p>\n<p>&nbsp;<\/p>\n","protected":false},"featured_media":31469,"comment_status":"closed","ping_status":"closed","template":"","meta":{"_acf_changed":false},"product_brand":[],"product_cat":[619,472],"product_tag":[1801],"epocas_cat":[478],"tipologias_cat":[485,434],"statos_cat":[3872],"class_list":{"0":"post-32579","1":"product","2":"type-product","3":"status-publish","4":"has-post-thumbnail","6":"product_cat-landscapes-prints","7":"product_cat-prints","8":"product_tag-elba-island-views-set-of-four-lithographs-by-andre-durand-1862","10":"first","11":"outofstock","12":"shipping-taxable","13":"product-type-simple"},"acf":[],"yoast_head":"<!-- This site is optimized with the Yoast SEO plugin v27.2 - https:\/\/yoast.com\/product\/yoast-seo-wordpress\/ -->\n<title>Elba Island Views Set of Four Lithographs by Andre Durand 1862 | Vendita Online | Ghilli Antichit&agrave; Milano<\/title>\n<meta name=\"description\" content=\"Set of four original litographs, view of Portoferraio, Elba Island Italy by Andr\u00e9 Durand dating back to 1862, framed.  Author: Andr\u00e9 Durand del. Eug. Cic\u00e9ri lith. published in Paris by Lemercier and included in the famous work \u201cL&#039;Ile d&#039;Elbe album recueilli sous la dir\u00e9ction de M. le Prince Anatole Demidoff, 1862 &quot;  These four prints are framed in an original way with an hand-colored green faux-marble cardboard passe par tout and are set in molded yellow Siena frames.  These artworks come from a private palazzo in Milan, are in good condition, feature some signs of wear such as the age-related process of deterioration that causes spots, stains and browning on old paper.  Andr\u00e9 Durand, 1807-1867 French painter, lithographer and expert in archeology, financed by the Russian Prince Anatole Demidof, Durand produced for the first time an album of 18 lithographs of picturesque views of Elba Island (in collaboration with Eug\u00e8ne Ciceri).  These are evocative works that show a wild and partly unexplored island. Between them there are exterior views of Portoferraio, Rio Marina, Marciana and also of the Imperial Villa of San Martino with the Napoleonic Museum founded by Prince Demidoff.  &nbsp;\" \/>\n<meta name=\"robots\" content=\"index, follow, max-snippet:-1, max-image-preview:large, max-video-preview:-1\" \/>\n<link rel=\"canonical\" href=\"https:\/\/www.ghilli.it\/en\/p\/elba-island-views-set-of-four-lithographs-by-andre-durand-1862\/\" \/>\n<meta property=\"og:locale\" content=\"en_US\" \/>\n<meta property=\"og:type\" content=\"article\" \/>\n<meta property=\"og:title\" content=\"Elba Island Views Set of Four Lithographs by Andre Durand 1862 | Vendita Online | Ghilli Antichit&agrave; Milano\" \/>\n<meta property=\"og:description\" content=\"Set of four original litographs, view of Portoferraio, Elba Island Italy by Andr\u00e9 Durand dating back to 1862, framed.  Author: Andr\u00e9 Durand del. Eug. Cic\u00e9ri lith. published in Paris by Lemercier and included in the famous work \u201cL&#039;Ile d&#039;Elbe album recueilli sous la dir\u00e9ction de M. le Prince Anatole Demidoff, 1862 &quot;  These four prints are framed in an original way with an hand-colored green faux-marble cardboard passe par tout and are set in molded yellow Siena frames.  These artworks come from a private palazzo in Milan, are in good condition, feature some signs of wear such as the age-related process of deterioration that causes spots, stains and browning on old paper.  Andr\u00e9 Durand, 1807-1867 French painter, lithographer and expert in archeology, financed by the Russian Prince Anatole Demidof, Durand produced for the first time an album of 18 lithographs of picturesque views of Elba Island (in collaboration with Eug\u00e8ne Ciceri).  These are evocative works that show a wild and partly unexplored island. Between them there are exterior views of Portoferraio, Rio Marina, Marciana and also of the Imperial Villa of San Martino with the Napoleonic Museum founded by Prince Demidoff.  &nbsp;\" \/>\n<meta property=\"og:url\" content=\"https:\/\/www.ghilli.it\/en\/p\/elba-island-views-set-of-four-lithographs-by-andre-durand-1862\/\" \/>\n<meta property=\"og:site_name\" content=\"Ghilli Antichit&agrave; Milano\" \/>\n<meta property=\"article:publisher\" content=\"https:\/\/www.facebook.com\/pages\/Ghilli-Antichit%c3%a0\/120056758035014\" \/>\n<meta property=\"article:modified_time\" content=\"2025-01-08T10:16:08+00:00\" \/>\n<meta property=\"og:image\" content=\"https:\/\/www.ghilli.it\/wp-content\/uploads\/2020\/12\/vedute-dellisola-delba.jpg\" \/>\n\t<meta property=\"og:image:width\" content=\"1536\" \/>\n\t<meta property=\"og:image:height\" content=\"1536\" \/>\n\t<meta property=\"og:image:type\" content=\"image\/jpeg\" \/>\n<meta name=\"twitter:card\" content=\"summary_large_image\" \/>\n<meta name=\"twitter:site\" content=\"@GhilliAntico\" \/>\n<meta name=\"twitter:label1\" content=\"Est. reading time\" \/>\n\t<meta name=\"twitter:data1\" content=\"1 minute\" \/>\n<script type=\"application\/ld+json\" class=\"yoast-schema-graph\">{\"@context\":\"https:\/\/schema.org\",\"@graph\":[{\"@type\":\"WebPage\",\"@id\":\"https:\/\/www.ghilli.it\/en\/p\/elba-island-views-set-of-four-lithographs-by-andre-durand-1862\/\",\"url\":\"https:\/\/www.ghilli.it\/en\/p\/elba-island-views-set-of-four-lithographs-by-andre-durand-1862\/\",\"name\":\"Elba Island Views Set of Four Lithographs by Andre Durand 1862 | Vendita Online | Ghilli Antichit&agrave; Milano\",\"isPartOf\":{\"@id\":\"https:\/\/www.ghilli.it\/#website\"},\"primaryImageOfPage\":{\"@id\":\"https:\/\/www.ghilli.it\/en\/p\/elba-island-views-set-of-four-lithographs-by-andre-durand-1862\/#primaryimage\"},\"image\":{\"@id\":\"https:\/\/www.ghilli.it\/en\/p\/elba-island-views-set-of-four-lithographs-by-andre-durand-1862\/#primaryimage\"},\"thumbnailUrl\":\"https:\/\/www.ghilli.it\/wp-content\/uploads\/2020\/12\/vedute-dellisola-delba.jpg\",\"datePublished\":\"2020-12-12T11:37:24+00:00\",\"dateModified\":\"2025-01-08T10:16:08+00:00\",\"description\":\"Set of four original litographs, view of Portoferraio, Elba Island Italy by Andr\u00e9 Durand dating back to 1862, framed. Author: Andr\u00e9 Durand del. Eug. Cic\u00e9ri lith. published in Paris by Lemercier and included in the famous work \u201cL'Ile d'Elbe album recueilli sous la dir\u00e9ction de M. le Prince Anatole Demidoff, 1862 \\\" These four prints are framed in an original way with an hand-colored green faux-marble cardboard passe par tout and are set in molded yellow Siena frames. These artworks come from a private palazzo in Milan, are in good condition, feature some signs of wear such as the age-related process of deterioration that causes spots, stains and browning on old paper. Andr\u00e9 Durand, 1807-1867 French painter, lithographer and expert in archeology, financed by the Russian Prince Anatole Demidof, Durand produced for the first time an album of 18 lithographs of picturesque views of Elba Island (in collaboration with Eug\u00e8ne Ciceri). These are evocative works that show a wild and partly unexplored island. Between them there are exterior views of Portoferraio, Rio Marina, Marciana and also of the Imperial Villa of San Martino with the Napoleonic Museum founded by Prince Demidoff. &nbsp;\",\"breadcrumb\":{\"@id\":\"https:\/\/www.ghilli.it\/en\/p\/elba-island-views-set-of-four-lithographs-by-andre-durand-1862\/#breadcrumb\"},\"inLanguage\":\"en-US\",\"potentialAction\":[{\"@type\":\"ReadAction\",\"target\":[\"https:\/\/www.ghilli.it\/en\/p\/elba-island-views-set-of-four-lithographs-by-andre-durand-1862\/\"]}]},{\"@type\":\"ImageObject\",\"inLanguage\":\"en-US\",\"@id\":\"https:\/\/www.ghilli.it\/en\/p\/elba-island-views-set-of-four-lithographs-by-andre-durand-1862\/#primaryimage\",\"url\":\"https:\/\/www.ghilli.it\/wp-content\/uploads\/2020\/12\/vedute-dellisola-delba.jpg\",\"contentUrl\":\"https:\/\/www.ghilli.it\/wp-content\/uploads\/2020\/12\/vedute-dellisola-delba.jpg\",\"width\":1536,\"height\":1536,\"caption\":\"vedute dell'isola d'elba\"},{\"@type\":\"BreadcrumbList\",\"@id\":\"https:\/\/www.ghilli.it\/en\/p\/elba-island-views-set-of-four-lithographs-by-andre-durand-1862\/#breadcrumb\",\"itemListElement\":[{\"@type\":\"ListItem\",\"position\":1,\"name\":\"Ghilli Antichit\u00e0 Milano\",\"item\":\"https:\/\/www.ghilli.it\/en\/\"},{\"@type\":\"ListItem\",\"position\":2,\"name\":\"Catalogo\",\"item\":\"https:\/\/www.ghilli.it\/catalogo\/\"},{\"@type\":\"ListItem\",\"position\":3,\"name\":\"Elba Island Views Set of Four Lithographs by Andre Durand 1862\"}]},{\"@type\":\"WebSite\",\"@id\":\"https:\/\/www.ghilli.it\/#website\",\"url\":\"https:\/\/www.ghilli.it\/\",\"name\":\"Ghilli Antichit&agrave; Milano\",\"description\":\"Antique dealer in Milan, Italy, and online\",\"potentialAction\":[{\"@type\":\"SearchAction\",\"target\":{\"@type\":\"EntryPoint\",\"urlTemplate\":\"https:\/\/www.ghilli.it\/?s={search_term_string}\"},\"query-input\":{\"@type\":\"PropertyValueSpecification\",\"valueRequired\":true,\"valueName\":\"search_term_string\"}}],\"inLanguage\":\"en-US\"}]}<\/script>\n<!-- \/ Yoast SEO plugin. -->","yoast_head_json":{"title":"Elba Island Views Set of Four Lithographs by Andre Durand 1862 | Vendita Online | Ghilli Antichit&agrave; Milano","description":"Set of four original litographs, view of Portoferraio, Elba Island Italy by Andr\u00e9 Durand dating back to 1862, framed.  Author: Andr\u00e9 Durand del. Eug. Cic\u00e9ri lith. published in Paris by Lemercier and included in the famous work \u201cL'Ile d'Elbe album recueilli sous la dir\u00e9ction de M. le Prince Anatole Demidoff, 1862 \"  These four prints are framed in an original way with an hand-colored green faux-marble cardboard passe par tout and are set in molded yellow Siena frames.  These artworks come from a private palazzo in Milan, are in good condition, feature some signs of wear such as the age-related process of deterioration that causes spots, stains and browning on old paper.  Andr\u00e9 Durand, 1807-1867 French painter, lithographer and expert in archeology, financed by the Russian Prince Anatole Demidof, Durand produced for the first time an album of 18 lithographs of picturesque views of Elba Island (in collaboration with Eug\u00e8ne Ciceri).  These are evocative works that show a wild and partly unexplored island. Between them there are exterior views of Portoferraio, Rio Marina, Marciana and also of the Imperial Villa of San Martino with the Napoleonic Museum founded by Prince Demidoff.  &nbsp;","robots":{"index":"index","follow":"follow","max-snippet":"max-snippet:-1","max-image-preview":"max-image-preview:large","max-video-preview":"max-video-preview:-1"},"canonical":"https:\/\/www.ghilli.it\/en\/p\/elba-island-views-set-of-four-lithographs-by-andre-durand-1862\/","og_locale":"en_US","og_type":"article","og_title":"Elba Island Views Set of Four Lithographs by Andre Durand 1862 | Vendita Online | Ghilli Antichit&agrave; Milano","og_description":"Set of four original litographs, view of Portoferraio, Elba Island Italy by Andr\u00e9 Durand dating back to 1862, framed.  Author: Andr\u00e9 Durand del. Eug. Cic\u00e9ri lith. published in Paris by Lemercier and included in the famous work \u201cL'Ile d'Elbe album recueilli sous la dir\u00e9ction de M. le Prince Anatole Demidoff, 1862 \"  These four prints are framed in an original way with an hand-colored green faux-marble cardboard passe par tout and are set in molded yellow Siena frames.  These artworks come from a private palazzo in Milan, are in good condition, feature some signs of wear such as the age-related process of deterioration that causes spots, stains and browning on old paper.  Andr\u00e9 Durand, 1807-1867 French painter, lithographer and expert in archeology, financed by the Russian Prince Anatole Demidof, Durand produced for the first time an album of 18 lithographs of picturesque views of Elba Island (in collaboration with Eug\u00e8ne Ciceri).  These are evocative works that show a wild and partly unexplored island. Between them there are exterior views of Portoferraio, Rio Marina, Marciana and also of the Imperial Villa of San Martino with the Napoleonic Museum founded by Prince Demidoff.  &nbsp;","og_url":"https:\/\/www.ghilli.it\/en\/p\/elba-island-views-set-of-four-lithographs-by-andre-durand-1862\/","og_site_name":"Ghilli Antichit&agrave; Milano","article_publisher":"https:\/\/www.facebook.com\/pages\/Ghilli-Antichit%c3%a0\/120056758035014","article_modified_time":"2025-01-08T10:16:08+00:00","og_image":[{"width":1536,"height":1536,"url":"https:\/\/www.ghilli.it\/wp-content\/uploads\/2020\/12\/vedute-dellisola-delba.jpg","type":"image\/jpeg"}],"twitter_card":"summary_large_image","twitter_site":"@GhilliAntico","twitter_misc":{"Est. reading time":"1 minute"},"schema":{"@context":"https:\/\/schema.org","@graph":[{"@type":"WebPage","@id":"https:\/\/www.ghilli.it\/en\/p\/elba-island-views-set-of-four-lithographs-by-andre-durand-1862\/","url":"https:\/\/www.ghilli.it\/en\/p\/elba-island-views-set-of-four-lithographs-by-andre-durand-1862\/","name":"Elba Island Views Set of Four Lithographs by Andre Durand 1862 | Vendita Online | Ghilli Antichit&agrave; Milano","isPartOf":{"@id":"https:\/\/www.ghilli.it\/#website"},"primaryImageOfPage":{"@id":"https:\/\/www.ghilli.it\/en\/p\/elba-island-views-set-of-four-lithographs-by-andre-durand-1862\/#primaryimage"},"image":{"@id":"https:\/\/www.ghilli.it\/en\/p\/elba-island-views-set-of-four-lithographs-by-andre-durand-1862\/#primaryimage"},"thumbnailUrl":"https:\/\/www.ghilli.it\/wp-content\/uploads\/2020\/12\/vedute-dellisola-delba.jpg","datePublished":"2020-12-12T11:37:24+00:00","dateModified":"2025-01-08T10:16:08+00:00","description":"Set of four original litographs, view of Portoferraio, Elba Island Italy by Andr\u00e9 Durand dating back to 1862, framed. Author: Andr\u00e9 Durand del. Eug. Cic\u00e9ri lith. published in Paris by Lemercier and included in the famous work \u201cL'Ile d'Elbe album recueilli sous la dir\u00e9ction de M. le Prince Anatole Demidoff, 1862 \" These four prints are framed in an original way with an hand-colored green faux-marble cardboard passe par tout and are set in molded yellow Siena frames. These artworks come from a private palazzo in Milan, are in good condition, feature some signs of wear such as the age-related process of deterioration that causes spots, stains and browning on old paper. Andr\u00e9 Durand, 1807-1867 French painter, lithographer and expert in archeology, financed by the Russian Prince Anatole Demidof, Durand produced for the first time an album of 18 lithographs of picturesque views of Elba Island (in collaboration with Eug\u00e8ne Ciceri). These are evocative works that show a wild and partly unexplored island. Between them there are exterior views of Portoferraio, Rio Marina, Marciana and also of the Imperial Villa of San Martino with the Napoleonic Museum founded by Prince Demidoff. &nbsp;","breadcrumb":{"@id":"https:\/\/www.ghilli.it\/en\/p\/elba-island-views-set-of-four-lithographs-by-andre-durand-1862\/#breadcrumb"},"inLanguage":"en-US","potentialAction":[{"@type":"ReadAction","target":["https:\/\/www.ghilli.it\/en\/p\/elba-island-views-set-of-four-lithographs-by-andre-durand-1862\/"]}]},{"@type":"ImageObject","inLanguage":"en-US","@id":"https:\/\/www.ghilli.it\/en\/p\/elba-island-views-set-of-four-lithographs-by-andre-durand-1862\/#primaryimage","url":"https:\/\/www.ghilli.it\/wp-content\/uploads\/2020\/12\/vedute-dellisola-delba.jpg","contentUrl":"https:\/\/www.ghilli.it\/wp-content\/uploads\/2020\/12\/vedute-dellisola-delba.jpg","width":1536,"height":1536,"caption":"vedute dell'isola d'elba"},{"@type":"BreadcrumbList","@id":"https:\/\/www.ghilli.it\/en\/p\/elba-island-views-set-of-four-lithographs-by-andre-durand-1862\/#breadcrumb","itemListElement":[{"@type":"ListItem","position":1,"name":"Ghilli Antichit\u00e0 Milano","item":"https:\/\/www.ghilli.it\/en\/"},{"@type":"ListItem","position":2,"name":"Catalogo","item":"https:\/\/www.ghilli.it\/catalogo\/"},{"@type":"ListItem","position":3,"name":"Elba Island Views Set of Four Lithographs by Andre Durand 1862"}]},{"@type":"WebSite","@id":"https:\/\/www.ghilli.it\/#website","url":"https:\/\/www.ghilli.it\/","name":"Ghilli Antichit&agrave; Milano","description":"Antique dealer in Milan, Italy, and online","potentialAction":[{"@type":"SearchAction","target":{"@type":"EntryPoint","urlTemplate":"https:\/\/www.ghilli.it\/?s={search_term_string}"},"query-input":{"@type":"PropertyValueSpecification","valueRequired":true,"valueName":"search_term_string"}}],"inLanguage":"en-US"}]}},"_links":{"self":[{"href":"https:\/\/www.ghilli.it\/en\/wp-json\/wp\/v2\/product\/32579","targetHints":{"allow":["GET"]}}],"collection":[{"href":"https:\/\/www.ghilli.it\/en\/wp-json\/wp\/v2\/product"}],"about":[{"href":"https:\/\/www.ghilli.it\/en\/wp-json\/wp\/v2\/types\/product"}],"replies":[{"embeddable":true,"href":"https:\/\/www.ghilli.it\/en\/wp-json\/wp\/v2\/comments?post=32579"}],"wp:featuredmedia":[{"embeddable":true,"href":"https:\/\/www.ghilli.it\/en\/wp-json\/wp\/v2\/media\/31469"}],"wp:attachment":[{"href":"https:\/\/www.ghilli.it\/en\/wp-json\/wp\/v2\/media?parent=32579"}],"wp:term":[{"taxonomy":"product_brand","embeddable":true,"href":"https:\/\/www.ghilli.it\/en\/wp-json\/wp\/v2\/product_brand?post=32579"},{"taxonomy":"product_cat","embeddable":true,"href":"https:\/\/www.ghilli.it\/en\/wp-json\/wp\/v2\/product_cat?post=32579"},{"taxonomy":"product_tag","embeddable":true,"href":"https:\/\/www.ghilli.it\/en\/wp-json\/wp\/v2\/product_tag?post=32579"},{"taxonomy":"epoca","embeddable":true,"href":"https:\/\/www.ghilli.it\/en\/wp-json\/wp\/v2\/epocas_cat?post=32579"},{"taxonomy":"tipologia","embeddable":true,"href":"https:\/\/www.ghilli.it\/en\/wp-json\/wp\/v2\/tipologias_cat?post=32579"},{"taxonomy":"stato","embeddable":true,"href":"https:\/\/www.ghilli.it\/en\/wp-json\/wp\/v2\/statos_cat?post=32579"}],"curies":[{"name":"wp","href":"https:\/\/api.w.org\/{rel}","templated":true}]}}