{"id":15956,"date":"2017-10-28T13:54:23","date_gmt":"2017-10-28T11:54:23","guid":{"rendered":"https:\/\/www.ghilli.it\/product\/antique-marine-prints-nautical-flags-by-goussier-louis-jacques-1770-circa\/"},"modified":"2022-12-22T20:12:18","modified_gmt":"2022-12-22T19:12:18","slug":"antique-marine-prints-nautical-flags-by-goussier-louis-jacques-1770-circa","status":"publish","type":"product","link":"https:\/\/www.ghilli.it\/en\/p\/antique-marine-prints-nautical-flags-by-goussier-louis-jacques-1770-circa\/","title":{"rendered":"Antique Marine Engraving Nautical Flags by Goussier Louis Jacques 1770 circa"},"content":{"rendered":"","protected":false},"excerpt":{"rendered":"<p style=\"text-align: justify;\"><b>GOUSSIER, Louis-Jacques<\/b><\/p>\n<p style=\"text-align: justify;\">Marine Pavillons,\u00a0various nautical flags, \u00a01770 circa. Size: ~10 x 16 inches. Style: Hand coloured copperplate engraving. Condition: Good. Later water-colored.<\/p>\n<p style=\"text-align: justify;\">One of a set of three nautical flags antique engravings. These extremely rare hand colored copperplates have been selected from the famous Diderot and D&#8217;Alembert &#8220;Encyclop\u00e9die, ou dictionnaire raisonn\u00e9 des sciences, des arts et des m\u00e9tiers (Encyclopedia, or a systematic dictionary of the sciences, arts, and crafts), an encyclopedia published in France between 1751 and 1766, with later supplements and revisions in 1772, 1777 and 1780 and numerous foreign editions and later derivatives.<\/p>\n<p style=\"text-align: justify;\">Louis-Jacques Goussier (Paris 1722 &#8211; Paris 1799) was a French illustrator and encyclopedist. He is famous for his work on Diderot&#8217;s encyclopedia. He was the first drawer to be hired on that project, in 1747 and he did himself more than 900 plates and directed the drawing of the others. Some call Goussier the third encyclopedist, after Diderot and d&#8217;Alembert. Goussier spent ten years visiting people of all arts and techniques (textile, smith, mill, glass, etc.), and twenty-five years drawing. He also wrote sixty-one articles.<\/p>\n<p style=\"text-align: justify;\">Diderot&#8217;s &#8220;<i>Encyclopedia<\/i>,&#8221; a landmark work of the Enlightenment that depicted the arts and sciences, and the tools and methods of artisans and trade people in a methodical and thorough way. The entire encyclopedia was published between 1751 and 1772, and comprised 17 volumes of text and 11 volumes of plates.<\/p>\n<p style=\"text-align: justify;\">The marvellous detailed plates show how everything in the period was made. It had a huge impact on its own time, and is highly valued by present-day historians as a record of the techniques and vocations of the pre-Industrial world. It is also a great resource for collectors, art and craftspeople.<\/p>\n","protected":false},"featured_media":15911,"comment_status":"closed","ping_status":"closed","template":"","meta":{"_acf_changed":false},"product_brand":[],"product_cat":[472],"product_tag":[],"epocas_cat":[477],"tipologias_cat":[434,384],"statos_cat":[],"class_list":{"0":"post-15956","1":"product","2":"type-product","3":"status-publish","4":"has-post-thumbnail","6":"product_cat-prints","8":"first","9":"outofstock","10":"shipping-taxable","11":"purchasable","12":"product-type-simple"},"acf":[],"yoast_head":"<!-- This site is optimized with the Yoast SEO plugin v27.2 - https:\/\/yoast.com\/product\/yoast-seo-wordpress\/ -->\n<title>Antique Marine Engraving Nautical Flags by Goussier Louis Jacques 1770 circa | Vendita Online | Ghilli Antichit&agrave; Milano<\/title>\n<meta name=\"description\" content=\"GOUSSIER, Louis-Jacques Marine Pavillons,\u00a0various nautical flags, \u00a01770 circa. Size: ~10 x 16 inches. Style: Hand coloured copperplate engraving. Condition: Good. Later water-colored. One of a set of three nautical flags antique engravings. These extremely rare hand colored copperplates have been selected from the famous Diderot and D&#039;Alembert &quot;Encyclop\u00e9die, ou dictionnaire raisonn\u00e9 des sciences, des arts et des m\u00e9tiers (Encyclopedia, or a systematic dictionary of the sciences, arts, and crafts), an encyclopedia published in France between 1751 and 1766, with later supplements and revisions in 1772, 1777 and 1780 and numerous foreign editions and later derivatives. Louis-Jacques Goussier (Paris 1722 - Paris 1799) was a French illustrator and encyclopedist. He is famous for his work on Diderot&#039;s encyclopedia. He was the first drawer to be hired on that project, in 1747 and he did himself more than 900 plates and directed the drawing of the others. Some call Goussier the third encyclopedist, after Diderot and d&#039;Alembert. Goussier spent ten years visiting people of all arts and techniques (textile, smith, mill, glass, etc.), and twenty-five years drawing. He also wrote sixty-one articles. Diderot&#039;s &quot;Encyclopedia,&quot; a landmark work of the Enlightenment that depicted the arts and sciences, and the tools and methods of artisans and trade people in a methodical and thorough way. The entire encyclopedia was published between 1751 and 1772, and comprised 17 volumes of text and 11 volumes of plates. The marvellous detailed plates show how everything in the period was made. It had a huge impact on its own time, and is highly valued by present-day historians as a record of the techniques and vocations of the pre-Industrial world. It is also a great resource for collectors, art and craftspeople.\" \/>\n<meta name=\"robots\" content=\"index, follow, max-snippet:-1, max-image-preview:large, max-video-preview:-1\" \/>\n<link rel=\"canonical\" href=\"https:\/\/www.ghilli.it\/en\/p\/antique-marine-prints-nautical-flags-by-goussier-louis-jacques-1770-circa\/\" \/>\n<meta property=\"og:locale\" content=\"en_US\" \/>\n<meta property=\"og:type\" content=\"article\" \/>\n<meta property=\"og:title\" content=\"Antique Marine Engraving Nautical Flags by Goussier Louis Jacques 1770 circa | Vendita Online | Ghilli Antichit&agrave; Milano\" \/>\n<meta property=\"og:description\" content=\"GOUSSIER, Louis-Jacques Marine Pavillons,\u00a0various nautical flags, \u00a01770 circa. Size: ~10 x 16 inches. Style: Hand coloured copperplate engraving. Condition: Good. Later water-colored. One of a set of three nautical flags antique engravings. These extremely rare hand colored copperplates have been selected from the famous Diderot and D&#039;Alembert &quot;Encyclop\u00e9die, ou dictionnaire raisonn\u00e9 des sciences, des arts et des m\u00e9tiers (Encyclopedia, or a systematic dictionary of the sciences, arts, and crafts), an encyclopedia published in France between 1751 and 1766, with later supplements and revisions in 1772, 1777 and 1780 and numerous foreign editions and later derivatives. Louis-Jacques Goussier (Paris 1722 - Paris 1799) was a French illustrator and encyclopedist. He is famous for his work on Diderot&#039;s encyclopedia. He was the first drawer to be hired on that project, in 1747 and he did himself more than 900 plates and directed the drawing of the others. Some call Goussier the third encyclopedist, after Diderot and d&#039;Alembert. Goussier spent ten years visiting people of all arts and techniques (textile, smith, mill, glass, etc.), and twenty-five years drawing. He also wrote sixty-one articles. Diderot&#039;s &quot;Encyclopedia,&quot; a landmark work of the Enlightenment that depicted the arts and sciences, and the tools and methods of artisans and trade people in a methodical and thorough way. The entire encyclopedia was published between 1751 and 1772, and comprised 17 volumes of text and 11 volumes of plates. The marvellous detailed plates show how everything in the period was made. It had a huge impact on its own time, and is highly valued by present-day historians as a record of the techniques and vocations of the pre-Industrial world. It is also a great resource for collectors, art and craftspeople.\" \/>\n<meta property=\"og:url\" content=\"https:\/\/www.ghilli.it\/en\/p\/antique-marine-prints-nautical-flags-by-goussier-louis-jacques-1770-circa\/\" \/>\n<meta property=\"og:site_name\" content=\"Ghilli Antichit&agrave; Milano\" \/>\n<meta property=\"article:publisher\" content=\"https:\/\/www.facebook.com\/pages\/Ghilli-Antichit%c3%a0\/120056758035014\" \/>\n<meta property=\"article:modified_time\" content=\"2022-12-22T19:12:18+00:00\" \/>\n<meta property=\"og:image\" content=\"https:\/\/www.ghilli.it\/wp-content\/uploads\/2017\/10\/a-7.jpg\" \/>\n\t<meta property=\"og:image:width\" content=\"1536\" \/>\n\t<meta property=\"og:image:height\" content=\"1536\" \/>\n\t<meta property=\"og:image:type\" content=\"image\/jpeg\" \/>\n<meta name=\"twitter:card\" content=\"summary_large_image\" \/>\n<meta name=\"twitter:site\" content=\"@GhilliAntico\" \/>\n<script type=\"application\/ld+json\" class=\"yoast-schema-graph\">{\"@context\":\"https:\/\/schema.org\",\"@graph\":[{\"@type\":\"WebPage\",\"@id\":\"https:\/\/www.ghilli.it\/en\/p\/antique-marine-prints-nautical-flags-by-goussier-louis-jacques-1770-circa\/\",\"url\":\"https:\/\/www.ghilli.it\/en\/p\/antique-marine-prints-nautical-flags-by-goussier-louis-jacques-1770-circa\/\",\"name\":\"Antique Marine Engraving Nautical Flags by Goussier Louis Jacques 1770 circa | Vendita Online | Ghilli Antichit&agrave; Milano\",\"isPartOf\":{\"@id\":\"https:\/\/www.ghilli.it\/#website\"},\"primaryImageOfPage\":{\"@id\":\"https:\/\/www.ghilli.it\/en\/p\/antique-marine-prints-nautical-flags-by-goussier-louis-jacques-1770-circa\/#primaryimage\"},\"image\":{\"@id\":\"https:\/\/www.ghilli.it\/en\/p\/antique-marine-prints-nautical-flags-by-goussier-louis-jacques-1770-circa\/#primaryimage\"},\"thumbnailUrl\":\"https:\/\/www.ghilli.it\/wp-content\/uploads\/2017\/10\/a-7.jpg\",\"datePublished\":\"2017-10-28T11:54:23+00:00\",\"dateModified\":\"2022-12-22T19:12:18+00:00\",\"description\":\"GOUSSIER, Louis-Jacques Marine Pavillons,\u00a0various nautical flags, \u00a01770 circa. Size: ~10 x 16 inches. Style: Hand coloured copperplate engraving. Condition: Good. Later water-colored. One of a set of three nautical flags antique engravings. These extremely rare hand colored copperplates have been selected from the famous Diderot and D'Alembert \\\"Encyclop\u00e9die, ou dictionnaire raisonn\u00e9 des sciences, des arts et des m\u00e9tiers (Encyclopedia, or a systematic dictionary of the sciences, arts, and crafts), an encyclopedia published in France between 1751 and 1766, with later supplements and revisions in 1772, 1777 and 1780 and numerous foreign editions and later derivatives. Louis-Jacques Goussier (Paris 1722 - Paris 1799) was a French illustrator and encyclopedist. He is famous for his work on Diderot's encyclopedia. He was the first drawer to be hired on that project, in 1747 and he did himself more than 900 plates and directed the drawing of the others. Some call Goussier the third encyclopedist, after Diderot and d'Alembert. Goussier spent ten years visiting people of all arts and techniques (textile, smith, mill, glass, etc.), and twenty-five years drawing. He also wrote sixty-one articles. Diderot's \\\"Encyclopedia,\\\" a landmark work of the Enlightenment that depicted the arts and sciences, and the tools and methods of artisans and trade people in a methodical and thorough way. The entire encyclopedia was published between 1751 and 1772, and comprised 17 volumes of text and 11 volumes of plates. The marvellous detailed plates show how everything in the period was made. It had a huge impact on its own time, and is highly valued by present-day historians as a record of the techniques and vocations of the pre-Industrial world. It is also a great resource for collectors, art and craftspeople.\",\"breadcrumb\":{\"@id\":\"https:\/\/www.ghilli.it\/en\/p\/antique-marine-prints-nautical-flags-by-goussier-louis-jacques-1770-circa\/#breadcrumb\"},\"inLanguage\":\"en-US\",\"potentialAction\":[{\"@type\":\"ReadAction\",\"target\":[\"https:\/\/www.ghilli.it\/en\/p\/antique-marine-prints-nautical-flags-by-goussier-louis-jacques-1770-circa\/\"]}]},{\"@type\":\"ImageObject\",\"inLanguage\":\"en-US\",\"@id\":\"https:\/\/www.ghilli.it\/en\/p\/antique-marine-prints-nautical-flags-by-goussier-louis-jacques-1770-circa\/#primaryimage\",\"url\":\"https:\/\/www.ghilli.it\/wp-content\/uploads\/2017\/10\/a-7.jpg\",\"contentUrl\":\"https:\/\/www.ghilli.it\/wp-content\/uploads\/2017\/10\/a-7.jpg\",\"width\":1536,\"height\":1536},{\"@type\":\"BreadcrumbList\",\"@id\":\"https:\/\/www.ghilli.it\/en\/p\/antique-marine-prints-nautical-flags-by-goussier-louis-jacques-1770-circa\/#breadcrumb\",\"itemListElement\":[{\"@type\":\"ListItem\",\"position\":1,\"name\":\"Ghilli Antichit\u00e0 Milano\",\"item\":\"https:\/\/www.ghilli.it\/en\/\"},{\"@type\":\"ListItem\",\"position\":2,\"name\":\"Catalogo\",\"item\":\"https:\/\/www.ghilli.it\/catalogo\/\"},{\"@type\":\"ListItem\",\"position\":3,\"name\":\"Antique Marine Engraving Nautical Flags by Goussier Louis Jacques 1770 circa\"}]},{\"@type\":\"WebSite\",\"@id\":\"https:\/\/www.ghilli.it\/#website\",\"url\":\"https:\/\/www.ghilli.it\/\",\"name\":\"Ghilli Antichit&agrave; Milano\",\"description\":\"Antique dealer in Milan, Italy, and online\",\"potentialAction\":[{\"@type\":\"SearchAction\",\"target\":{\"@type\":\"EntryPoint\",\"urlTemplate\":\"https:\/\/www.ghilli.it\/?s={search_term_string}\"},\"query-input\":{\"@type\":\"PropertyValueSpecification\",\"valueRequired\":true,\"valueName\":\"search_term_string\"}}],\"inLanguage\":\"en-US\"}]}<\/script>\n<!-- \/ Yoast SEO plugin. -->","yoast_head_json":{"title":"Antique Marine Engraving Nautical Flags by Goussier Louis Jacques 1770 circa | Vendita Online | Ghilli Antichit&agrave; Milano","description":"GOUSSIER, Louis-Jacques Marine Pavillons,\u00a0various nautical flags, \u00a01770 circa. Size: ~10 x 16 inches. Style: Hand coloured copperplate engraving. Condition: Good. Later water-colored. One of a set of three nautical flags antique engravings. These extremely rare hand colored copperplates have been selected from the famous Diderot and D'Alembert \"Encyclop\u00e9die, ou dictionnaire raisonn\u00e9 des sciences, des arts et des m\u00e9tiers (Encyclopedia, or a systematic dictionary of the sciences, arts, and crafts), an encyclopedia published in France between 1751 and 1766, with later supplements and revisions in 1772, 1777 and 1780 and numerous foreign editions and later derivatives. Louis-Jacques Goussier (Paris 1722 - Paris 1799) was a French illustrator and encyclopedist. He is famous for his work on Diderot's encyclopedia. He was the first drawer to be hired on that project, in 1747 and he did himself more than 900 plates and directed the drawing of the others. Some call Goussier the third encyclopedist, after Diderot and d'Alembert. Goussier spent ten years visiting people of all arts and techniques (textile, smith, mill, glass, etc.), and twenty-five years drawing. He also wrote sixty-one articles. Diderot's \"Encyclopedia,\" a landmark work of the Enlightenment that depicted the arts and sciences, and the tools and methods of artisans and trade people in a methodical and thorough way. The entire encyclopedia was published between 1751 and 1772, and comprised 17 volumes of text and 11 volumes of plates. The marvellous detailed plates show how everything in the period was made. It had a huge impact on its own time, and is highly valued by present-day historians as a record of the techniques and vocations of the pre-Industrial world. It is also a great resource for collectors, art and craftspeople.","robots":{"index":"index","follow":"follow","max-snippet":"max-snippet:-1","max-image-preview":"max-image-preview:large","max-video-preview":"max-video-preview:-1"},"canonical":"https:\/\/www.ghilli.it\/en\/p\/antique-marine-prints-nautical-flags-by-goussier-louis-jacques-1770-circa\/","og_locale":"en_US","og_type":"article","og_title":"Antique Marine Engraving Nautical Flags by Goussier Louis Jacques 1770 circa | Vendita Online | Ghilli Antichit&agrave; Milano","og_description":"GOUSSIER, Louis-Jacques Marine Pavillons,\u00a0various nautical flags, \u00a01770 circa. Size: ~10 x 16 inches. Style: Hand coloured copperplate engraving. Condition: Good. Later water-colored. One of a set of three nautical flags antique engravings. These extremely rare hand colored copperplates have been selected from the famous Diderot and D'Alembert \"Encyclop\u00e9die, ou dictionnaire raisonn\u00e9 des sciences, des arts et des m\u00e9tiers (Encyclopedia, or a systematic dictionary of the sciences, arts, and crafts), an encyclopedia published in France between 1751 and 1766, with later supplements and revisions in 1772, 1777 and 1780 and numerous foreign editions and later derivatives. Louis-Jacques Goussier (Paris 1722 - Paris 1799) was a French illustrator and encyclopedist. He is famous for his work on Diderot's encyclopedia. He was the first drawer to be hired on that project, in 1747 and he did himself more than 900 plates and directed the drawing of the others. Some call Goussier the third encyclopedist, after Diderot and d'Alembert. Goussier spent ten years visiting people of all arts and techniques (textile, smith, mill, glass, etc.), and twenty-five years drawing. He also wrote sixty-one articles. Diderot's \"Encyclopedia,\" a landmark work of the Enlightenment that depicted the arts and sciences, and the tools and methods of artisans and trade people in a methodical and thorough way. The entire encyclopedia was published between 1751 and 1772, and comprised 17 volumes of text and 11 volumes of plates. The marvellous detailed plates show how everything in the period was made. It had a huge impact on its own time, and is highly valued by present-day historians as a record of the techniques and vocations of the pre-Industrial world. It is also a great resource for collectors, art and craftspeople.","og_url":"https:\/\/www.ghilli.it\/en\/p\/antique-marine-prints-nautical-flags-by-goussier-louis-jacques-1770-circa\/","og_site_name":"Ghilli Antichit&agrave; Milano","article_publisher":"https:\/\/www.facebook.com\/pages\/Ghilli-Antichit%c3%a0\/120056758035014","article_modified_time":"2022-12-22T19:12:18+00:00","og_image":[{"width":1536,"height":1536,"url":"https:\/\/www.ghilli.it\/wp-content\/uploads\/2017\/10\/a-7.jpg","type":"image\/jpeg"}],"twitter_card":"summary_large_image","twitter_site":"@GhilliAntico","schema":{"@context":"https:\/\/schema.org","@graph":[{"@type":"WebPage","@id":"https:\/\/www.ghilli.it\/en\/p\/antique-marine-prints-nautical-flags-by-goussier-louis-jacques-1770-circa\/","url":"https:\/\/www.ghilli.it\/en\/p\/antique-marine-prints-nautical-flags-by-goussier-louis-jacques-1770-circa\/","name":"Antique Marine Engraving Nautical Flags by Goussier Louis Jacques 1770 circa | Vendita Online | Ghilli Antichit&agrave; Milano","isPartOf":{"@id":"https:\/\/www.ghilli.it\/#website"},"primaryImageOfPage":{"@id":"https:\/\/www.ghilli.it\/en\/p\/antique-marine-prints-nautical-flags-by-goussier-louis-jacques-1770-circa\/#primaryimage"},"image":{"@id":"https:\/\/www.ghilli.it\/en\/p\/antique-marine-prints-nautical-flags-by-goussier-louis-jacques-1770-circa\/#primaryimage"},"thumbnailUrl":"https:\/\/www.ghilli.it\/wp-content\/uploads\/2017\/10\/a-7.jpg","datePublished":"2017-10-28T11:54:23+00:00","dateModified":"2022-12-22T19:12:18+00:00","description":"GOUSSIER, Louis-Jacques Marine Pavillons,\u00a0various nautical flags, \u00a01770 circa. Size: ~10 x 16 inches. Style: Hand coloured copperplate engraving. Condition: Good. Later water-colored. One of a set of three nautical flags antique engravings. These extremely rare hand colored copperplates have been selected from the famous Diderot and D'Alembert \"Encyclop\u00e9die, ou dictionnaire raisonn\u00e9 des sciences, des arts et des m\u00e9tiers (Encyclopedia, or a systematic dictionary of the sciences, arts, and crafts), an encyclopedia published in France between 1751 and 1766, with later supplements and revisions in 1772, 1777 and 1780 and numerous foreign editions and later derivatives. Louis-Jacques Goussier (Paris 1722 - Paris 1799) was a French illustrator and encyclopedist. He is famous for his work on Diderot's encyclopedia. He was the first drawer to be hired on that project, in 1747 and he did himself more than 900 plates and directed the drawing of the others. Some call Goussier the third encyclopedist, after Diderot and d'Alembert. Goussier spent ten years visiting people of all arts and techniques (textile, smith, mill, glass, etc.), and twenty-five years drawing. He also wrote sixty-one articles. Diderot's \"Encyclopedia,\" a landmark work of the Enlightenment that depicted the arts and sciences, and the tools and methods of artisans and trade people in a methodical and thorough way. The entire encyclopedia was published between 1751 and 1772, and comprised 17 volumes of text and 11 volumes of plates. The marvellous detailed plates show how everything in the period was made. It had a huge impact on its own time, and is highly valued by present-day historians as a record of the techniques and vocations of the pre-Industrial world. It is also a great resource for collectors, art and craftspeople.","breadcrumb":{"@id":"https:\/\/www.ghilli.it\/en\/p\/antique-marine-prints-nautical-flags-by-goussier-louis-jacques-1770-circa\/#breadcrumb"},"inLanguage":"en-US","potentialAction":[{"@type":"ReadAction","target":["https:\/\/www.ghilli.it\/en\/p\/antique-marine-prints-nautical-flags-by-goussier-louis-jacques-1770-circa\/"]}]},{"@type":"ImageObject","inLanguage":"en-US","@id":"https:\/\/www.ghilli.it\/en\/p\/antique-marine-prints-nautical-flags-by-goussier-louis-jacques-1770-circa\/#primaryimage","url":"https:\/\/www.ghilli.it\/wp-content\/uploads\/2017\/10\/a-7.jpg","contentUrl":"https:\/\/www.ghilli.it\/wp-content\/uploads\/2017\/10\/a-7.jpg","width":1536,"height":1536},{"@type":"BreadcrumbList","@id":"https:\/\/www.ghilli.it\/en\/p\/antique-marine-prints-nautical-flags-by-goussier-louis-jacques-1770-circa\/#breadcrumb","itemListElement":[{"@type":"ListItem","position":1,"name":"Ghilli Antichit\u00e0 Milano","item":"https:\/\/www.ghilli.it\/en\/"},{"@type":"ListItem","position":2,"name":"Catalogo","item":"https:\/\/www.ghilli.it\/catalogo\/"},{"@type":"ListItem","position":3,"name":"Antique Marine Engraving Nautical Flags by Goussier Louis Jacques 1770 circa"}]},{"@type":"WebSite","@id":"https:\/\/www.ghilli.it\/#website","url":"https:\/\/www.ghilli.it\/","name":"Ghilli Antichit&agrave; Milano","description":"Antique dealer in Milan, Italy, and online","potentialAction":[{"@type":"SearchAction","target":{"@type":"EntryPoint","urlTemplate":"https:\/\/www.ghilli.it\/?s={search_term_string}"},"query-input":{"@type":"PropertyValueSpecification","valueRequired":true,"valueName":"search_term_string"}}],"inLanguage":"en-US"}]}},"_links":{"self":[{"href":"https:\/\/www.ghilli.it\/en\/wp-json\/wp\/v2\/product\/15956","targetHints":{"allow":["GET"]}}],"collection":[{"href":"https:\/\/www.ghilli.it\/en\/wp-json\/wp\/v2\/product"}],"about":[{"href":"https:\/\/www.ghilli.it\/en\/wp-json\/wp\/v2\/types\/product"}],"replies":[{"embeddable":true,"href":"https:\/\/www.ghilli.it\/en\/wp-json\/wp\/v2\/comments?post=15956"}],"wp:featuredmedia":[{"embeddable":true,"href":"https:\/\/www.ghilli.it\/en\/wp-json\/wp\/v2\/media\/15911"}],"wp:attachment":[{"href":"https:\/\/www.ghilli.it\/en\/wp-json\/wp\/v2\/media?parent=15956"}],"wp:term":[{"taxonomy":"product_brand","embeddable":true,"href":"https:\/\/www.ghilli.it\/en\/wp-json\/wp\/v2\/product_brand?post=15956"},{"taxonomy":"product_cat","embeddable":true,"href":"https:\/\/www.ghilli.it\/en\/wp-json\/wp\/v2\/product_cat?post=15956"},{"taxonomy":"product_tag","embeddable":true,"href":"https:\/\/www.ghilli.it\/en\/wp-json\/wp\/v2\/product_tag?post=15956"},{"taxonomy":"epoca","embeddable":true,"href":"https:\/\/www.ghilli.it\/en\/wp-json\/wp\/v2\/epocas_cat?post=15956"},{"taxonomy":"tipologia","embeddable":true,"href":"https:\/\/www.ghilli.it\/en\/wp-json\/wp\/v2\/tipologias_cat?post=15956"},{"taxonomy":"stato","embeddable":true,"href":"https:\/\/www.ghilli.it\/en\/wp-json\/wp\/v2\/statos_cat?post=15956"}],"curies":[{"name":"wp","href":"https:\/\/api.w.org\/{rel}","templated":true}]}}