{"id":7047,"date":"2016-01-26T16:01:44","date_gmt":"2016-01-26T15:01:44","guid":{"rendered":"https:\/\/www.ghilli.it\/?page_id=7047&#038;lang=en"},"modified":"2022-12-30T17:01:25","modified_gmt":"2022-12-30T16:01:25","slug":"who-we-are","status":"publish","type":"page","link":"https:\/\/www.ghilli.it\/en\/who-we-are\/","title":{"rendered":"Who we are"},"content":{"rendered":"<p>[vc_row][vc_column][\/vc_column][\/vc_row][vc_row][vc_column][ultimate_heading main_heading=&#8221;Ghilli Antiques&#8221; heading_tag=&#8221;h3&#8243; spacer=&#8221;line_with_icon&#8221; spacer_position=&#8221;middle&#8221; line_height=&#8221;1&#8243; line_color=&#8221;#555555&#8243; icon_type=&#8221;custom&#8221; icon_img=&#8221;6866|https:\/\/www.ghilli.it\/wp-content\/uploads\/2016\/01\/ico-ghilli-yellow.png&#8221; img_width=&#8221;48&#8243; main_heading_font_family=&#8221;font_family:Playfair Display|font_call:Playfair+Display&#8221; main_heading_font_size=&#8221;desktop:25px;&#8221; sub_heading_font_family=&#8221;font_family:Playfair Display|font_call:Playfair+Display&#8221; sub_heading_font_size=&#8221;desktop:20px;&#8221; line_width=&#8221;200&#8243; margin_design_tab_text=&#8221;&#8221;]The art of the past in our present[\/ultimate_heading][vc_separator type=&#8221;space&#8221; height=&#8221;20px&#8221;][vc_row_inner][vc_column_inner width=&#8221;2\/3&#8243;][vc_separator type=&#8221;space&#8221; height=&#8221;20px&#8221;][vc_column_text]Ghilli is the name of the antiques gallery, located in via Ampere 55, in Milan, Italy, member of CINOA, the world association of Art &amp; Antique dealer associations.<br \/>\nHere you may find mainly Italian antiques from 17th up to 20th century, rare and unique pieces from Italian private houses. We are a leading company, specialized in online sale of antique lighting, furniture, paintings, decorative and unique objects.<\/p>\n<p>Ghilli&#8217;s holder, Paolo Giovanella, antiques dealer with over 30 years experience, and the whole Ghilli&#8217;s Team, is a dynamic and flexible organisation, able to offer complete assistance for your shopping, handling arrangements for shipping worldwide.<br \/>\nService excellence is a quality you will find at Ghilli; most of e-mail enquiries we receive are answered on the same day. We also keep our clients fully informed during the buying process with regular updates on your purchase progress and shipping. We can arrange transport quotes and shipping process on your behalf.<br \/>\nBrowse our online gallery, where we list just some items, you can easily purchase directly on-line but should you have any specific request, do not hesitate to contact us.<\/p>\n<p>To be updated on new arrivals, please click &#8220;Newsletter&#8221; sign up and and join our e-mail notification list. Thank you for your subscription.<\/p>\n<p>Contact Ghilli antique italian art dealer Milan for any information![\/vc_column_text][\/vc_column_inner][vc_column_inner width=&#8221;1\/3&#8243;][vc_column_text css=&#8221;.vc_custom_1454672425548{margin-bottom: 0px !important;padding-bottom: 0px !important;}&#8221;]<strong>OUR CLIENTS<\/strong>[\/vc_column_text][vc_single_image image=&#8221;6873&#8243; img_size=&#8221;full&#8221;][\/vc_column_inner][\/vc_row_inner][\/vc_column][\/vc_row][vc_row][vc_column width=&#8221;1\/3&#8243;][vc_single_image image=&#8221;6858&#8243; img_size=&#8221;full&#8221; alignment=&#8221;center&#8221; style=&#8221;vc_box_outline&#8221;][vc_column_text]<\/p>\n<p style=\"text-align: center;\"><strong>Dr. Arch.\u00a0Paolo Giovanella<\/strong><br \/>\nHolder, purchasing manager<\/p>\n<p>[\/vc_column_text][\/vc_column][vc_column width=&#8221;1\/3&#8243;][vc_single_image image=&#8221;6860&#8243; img_size=&#8221;full&#8221; alignment=&#8221;center&#8221; style=&#8221;vc_box_outline&#8221;][vc_column_text]<\/p>\n<p style=\"text-align: center;\"><strong>Sabrina\u00a0Giovanella<\/strong><br \/>\nSelling manager, export, administration<\/p>\n<p>[\/vc_column_text][\/vc_column][vc_column width=&#8221;1\/3&#8243;][vc_single_image image=&#8221;6862&#8243; img_size=&#8221;full&#8221; alignment=&#8221;center&#8221; style=&#8221;vc_box_outline&#8221;][vc_column_text]<\/p>\n<p style=\"text-align: center;\"><strong>Dr. Arch.Isabella\u00a0Danesini Giovanella<\/strong><br \/>\nPainting restoration<\/p>\n<p>[\/vc_column_text][\/vc_column][\/vc_row]<\/p>\n","protected":false},"excerpt":{"rendered":"<p>[vc_row][vc_column][\/vc_column][\/vc_row][vc_row][vc_column][ultimate_heading main_heading=&#8221;Ghilli Antiques&#8221; heading_tag=&#8221;h3&#8243; spacer=&#8221;line_with_icon&#8221; spacer_position=&#8221;middle&#8221; line_height=&#8221;1&#8243; line_color=&#8221;#555555&#8243; icon_type=&#8221;custom&#8221; icon_img=&#8221;6866|https:\/\/www.ghilli.it\/wp-content\/uploads\/2016\/01\/ico-ghilli-yellow.png&#8221; img_width=&#8221;48&#8243; main_heading_font_family=&#8221;font_family:Playfair Display|font_call:Playfair+Display&#8221; main_heading_font_size=&#8221;desktop:25px;&#8221; sub_heading_font_family=&#8221;font_family:Playfair Display|font_call:Playfair+Display&#8221; sub_heading_font_size=&#8221;desktop:20px;&#8221; line_width=&#8221;200&#8243; margin_design_tab_text=&#8221;&#8221;]The art [&hellip;]<\/p>\n","protected":false},"author":1,"featured_media":0,"parent":0,"menu_order":0,"comment_status":"closed","ping_status":"closed","template":"","meta":{"_acf_changed":false,"footnotes":""},"class_list":["post-7047","page","type-page","status-publish","hentry"],"acf":[],"yoast_head":"<!-- This site is optimized with the Yoast SEO plugin v27.2 - https:\/\/yoast.com\/product\/yoast-seo-wordpress\/ -->\n<title>Chi Siamo - Ghilli Antichit\u00e0 Milano<\/title>\n<meta name=\"description\" content=\"Ghilli Antichit\u00e0 \u00e8 uno storico negozio di antiquariato a Milano, una realt\u00e0 consolidata negli anni e che, grazie alla professonalit\u00e0, \u00e8 un punto di riferimento per collezionisti e appassionati.\" \/>\n<meta name=\"robots\" content=\"index, follow, max-snippet:-1, max-image-preview:large, max-video-preview:-1\" \/>\n<link rel=\"canonical\" href=\"https:\/\/www.ghilli.it\/en\/who-we-are\/\" \/>\n<meta property=\"og:locale\" content=\"en_US\" \/>\n<meta property=\"og:type\" content=\"article\" \/>\n<meta property=\"og:title\" content=\"Chi Siamo - Ghilli Antichit\u00e0 Milano\" \/>\n<meta property=\"og:description\" content=\"Ghilli Antichit\u00e0 \u00e8 uno storico negozio di antiquariato a Milano, una realt\u00e0 consolidata negli anni e che, grazie alla professonalit\u00e0, \u00e8 un punto di riferimento per collezionisti e appassionati.\" \/>\n<meta property=\"og:url\" content=\"https:\/\/www.ghilli.it\/en\/who-we-are\/\" \/>\n<meta property=\"og:site_name\" content=\"Ghilli Antichit&agrave; Milano\" \/>\n<meta property=\"article:publisher\" content=\"https:\/\/www.facebook.com\/pages\/Ghilli-Antichit%c3%a0\/120056758035014\" \/>\n<meta property=\"article:modified_time\" content=\"2022-12-30T16:01:25+00:00\" \/>\n<meta property=\"og:image\" content=\"https:\/\/www.ghilli.it\/wp-content\/uploads\/2015\/11\/fb-default.jpg\" \/>\n\t<meta property=\"og:image:width\" content=\"470\" \/>\n\t<meta property=\"og:image:height\" content=\"245\" \/>\n\t<meta property=\"og:image:type\" content=\"image\/jpeg\" \/>\n<meta name=\"twitter:card\" content=\"summary_large_image\" \/>\n<meta name=\"twitter:site\" content=\"@GhilliAntico\" \/>\n<meta name=\"twitter:label1\" content=\"Est. reading time\" \/>\n\t<meta name=\"twitter:data1\" content=\"2 minutes\" \/>\n<script type=\"application\/ld+json\" class=\"yoast-schema-graph\">{\"@context\":\"https:\/\/schema.org\",\"@graph\":[{\"@type\":\"WebPage\",\"@id\":\"https:\/\/www.ghilli.it\/en\/who-we-are\/\",\"url\":\"https:\/\/www.ghilli.it\/en\/who-we-are\/\",\"name\":\"Chi Siamo - Ghilli Antichit\u00e0 Milano\",\"isPartOf\":{\"@id\":\"https:\/\/www.ghilli.it\/#website\"},\"datePublished\":\"2016-01-26T15:01:44+00:00\",\"dateModified\":\"2022-12-30T16:01:25+00:00\",\"description\":\"Ghilli Antichit\u00e0 \u00e8 uno storico negozio di antiquariato a Milano, una realt\u00e0 consolidata negli anni e che, grazie alla professonalit\u00e0, \u00e8 un punto di riferimento per collezionisti e appassionati.\",\"breadcrumb\":{\"@id\":\"https:\/\/www.ghilli.it\/en\/who-we-are\/#breadcrumb\"},\"inLanguage\":\"en-US\",\"potentialAction\":[{\"@type\":\"ReadAction\",\"target\":[\"https:\/\/www.ghilli.it\/en\/who-we-are\/\"]}]},{\"@type\":\"BreadcrumbList\",\"@id\":\"https:\/\/www.ghilli.it\/en\/who-we-are\/#breadcrumb\",\"itemListElement\":[{\"@type\":\"ListItem\",\"position\":1,\"name\":\"Ghilli Antichit\u00e0 Milano\",\"item\":\"https:\/\/www.ghilli.it\/en\/\"},{\"@type\":\"ListItem\",\"position\":2,\"name\":\"Who we are\"}]},{\"@type\":\"WebSite\",\"@id\":\"https:\/\/www.ghilli.it\/#website\",\"url\":\"https:\/\/www.ghilli.it\/\",\"name\":\"Ghilli Antichit&agrave; Milano\",\"description\":\"Antique dealer in Milan, Italy, and online\",\"potentialAction\":[{\"@type\":\"SearchAction\",\"target\":{\"@type\":\"EntryPoint\",\"urlTemplate\":\"https:\/\/www.ghilli.it\/?s={search_term_string}\"},\"query-input\":{\"@type\":\"PropertyValueSpecification\",\"valueRequired\":true,\"valueName\":\"search_term_string\"}}],\"inLanguage\":\"en-US\"}]}<\/script>\n<!-- \/ Yoast SEO plugin. -->","yoast_head_json":{"title":"Chi Siamo - Ghilli Antichit\u00e0 Milano","description":"Ghilli Antichit\u00e0 \u00e8 uno storico negozio di antiquariato a Milano, una realt\u00e0 consolidata negli anni e che, grazie alla professonalit\u00e0, \u00e8 un punto di riferimento per collezionisti e appassionati.","robots":{"index":"index","follow":"follow","max-snippet":"max-snippet:-1","max-image-preview":"max-image-preview:large","max-video-preview":"max-video-preview:-1"},"canonical":"https:\/\/www.ghilli.it\/en\/who-we-are\/","og_locale":"en_US","og_type":"article","og_title":"Chi Siamo - Ghilli Antichit\u00e0 Milano","og_description":"Ghilli Antichit\u00e0 \u00e8 uno storico negozio di antiquariato a Milano, una realt\u00e0 consolidata negli anni e che, grazie alla professonalit\u00e0, \u00e8 un punto di riferimento per collezionisti e appassionati.","og_url":"https:\/\/www.ghilli.it\/en\/who-we-are\/","og_site_name":"Ghilli Antichit&agrave; Milano","article_publisher":"https:\/\/www.facebook.com\/pages\/Ghilli-Antichit%c3%a0\/120056758035014","article_modified_time":"2022-12-30T16:01:25+00:00","og_image":[{"width":470,"height":245,"url":"https:\/\/www.ghilli.it\/wp-content\/uploads\/2015\/11\/fb-default.jpg","type":"image\/jpeg"}],"twitter_card":"summary_large_image","twitter_site":"@GhilliAntico","twitter_misc":{"Est. reading time":"2 minutes"},"schema":{"@context":"https:\/\/schema.org","@graph":[{"@type":"WebPage","@id":"https:\/\/www.ghilli.it\/en\/who-we-are\/","url":"https:\/\/www.ghilli.it\/en\/who-we-are\/","name":"Chi Siamo - Ghilli Antichit\u00e0 Milano","isPartOf":{"@id":"https:\/\/www.ghilli.it\/#website"},"datePublished":"2016-01-26T15:01:44+00:00","dateModified":"2022-12-30T16:01:25+00:00","description":"Ghilli Antichit\u00e0 \u00e8 uno storico negozio di antiquariato a Milano, una realt\u00e0 consolidata negli anni e che, grazie alla professonalit\u00e0, \u00e8 un punto di riferimento per collezionisti e appassionati.","breadcrumb":{"@id":"https:\/\/www.ghilli.it\/en\/who-we-are\/#breadcrumb"},"inLanguage":"en-US","potentialAction":[{"@type":"ReadAction","target":["https:\/\/www.ghilli.it\/en\/who-we-are\/"]}]},{"@type":"BreadcrumbList","@id":"https:\/\/www.ghilli.it\/en\/who-we-are\/#breadcrumb","itemListElement":[{"@type":"ListItem","position":1,"name":"Ghilli Antichit\u00e0 Milano","item":"https:\/\/www.ghilli.it\/en\/"},{"@type":"ListItem","position":2,"name":"Who we are"}]},{"@type":"WebSite","@id":"https:\/\/www.ghilli.it\/#website","url":"https:\/\/www.ghilli.it\/","name":"Ghilli Antichit&agrave; Milano","description":"Antique dealer in Milan, Italy, and online","potentialAction":[{"@type":"SearchAction","target":{"@type":"EntryPoint","urlTemplate":"https:\/\/www.ghilli.it\/?s={search_term_string}"},"query-input":{"@type":"PropertyValueSpecification","valueRequired":true,"valueName":"search_term_string"}}],"inLanguage":"en-US"}]}},"_links":{"self":[{"href":"https:\/\/www.ghilli.it\/en\/wp-json\/wp\/v2\/pages\/7047","targetHints":{"allow":["GET"]}}],"collection":[{"href":"https:\/\/www.ghilli.it\/en\/wp-json\/wp\/v2\/pages"}],"about":[{"href":"https:\/\/www.ghilli.it\/en\/wp-json\/wp\/v2\/types\/page"}],"author":[{"embeddable":true,"href":"https:\/\/www.ghilli.it\/en\/wp-json\/wp\/v2\/users\/1"}],"replies":[{"embeddable":true,"href":"https:\/\/www.ghilli.it\/en\/wp-json\/wp\/v2\/comments?post=7047"}],"version-history":[{"count":4,"href":"https:\/\/www.ghilli.it\/en\/wp-json\/wp\/v2\/pages\/7047\/revisions"}],"predecessor-version":[{"id":40145,"href":"https:\/\/www.ghilli.it\/en\/wp-json\/wp\/v2\/pages\/7047\/revisions\/40145"}],"wp:attachment":[{"href":"https:\/\/www.ghilli.it\/en\/wp-json\/wp\/v2\/media?parent=7047"}],"curies":[{"name":"wp","href":"https:\/\/api.w.org\/{rel}","templated":true}]}}